{"id":969,"date":"2021-03-19T17:16:59","date_gmt":"2021-03-19T17:16:59","guid":{"rendered":"http:\/\/layerdrops.com\/linoorwp\/?page_id=969"},"modified":"2022-03-04T19:23:36","modified_gmt":"2022-03-04T16:23:36","slug":"portfolio-home-two","status":"publish","type":"page","link":"https:\/\/yildirimgrupinsaat.com\/index.php\/portfolio-home-two\/","title":{"rendered":"Portfolio Home Two"},"content":{"rendered":"\t\t<div data-elementor-type=\"wp-page\" data-elementor-id=\"969\" class=\"elementor elementor-969\" data-elementor-settings=\"[]\">\n\t\t\t\t\t\t\t<div class=\"elementor-section-wrap\">\n\t\t\t\t\t\t\t<section class=\"elementor-section elementor-top-section elementor-element elementor-element-4c771f3 elementor-section-full_width elementor-section-height-default elementor-section-height-default\" data-id=\"4c771f3\" data-element_type=\"section\">\n\t\t\t\t\t\t<div class=\"elementor-container elementor-column-gap-no\">\n\t\t\t\t\t<div class=\"elementor-column elementor-col-100 elementor-top-column elementor-element elementor-element-a140ff3\" data-id=\"a140ff3\" data-element_type=\"column\">\n\t\t\t<div class=\"elementor-widget-wrap elementor-element-populated\">\n\t\t\t\t\t\t\t\t<div class=\"elementor-element elementor-element-f447b99 elementor-widget elementor-widget-linoor-portfolio\" data-id=\"f447b99\" data-element_type=\"widget\" data-widget_type=\"linoor-portfolio.default\">\n\t\t\t\t<div class=\"elementor-widget-container\">\n\t\t\t\r\n<section class=\"portfolio-horizontal\">\r\n    <img decoding=\"async\" src=\"http:\/\/layerdrops.com\/linoorwp\/wp-content\/uploads\/2021\/03\/portfolio-horizontal-shape-1.png\" class=\"portfolio-horizontal__shape-1\" alt=\"\"><img decoding=\"async\" src=\"http:\/\/layerdrops.com\/linoorwp\/wp-content\/uploads\/2021\/03\/portfolio-horizontal-shape-2.png\" class=\"portfolio-horizontal__shape-2\" alt=\"\"><img decoding=\"async\" src=\"http:\/\/layerdrops.com\/linoorwp\/wp-content\/uploads\/2021\/03\/portfolio-horizontal-shape-3.png\" class=\"portfolio-horizontal__shape-3\" alt=\"\">    <div class=\"auto-container\">\r\n        <div class=\"owl-carousel owl-theme portfolio-horizontal__carousel\">\r\n                                                        \r\n                <div class=\"item\">\r\n                    <div class=\"portfolio-horizontal__card\">\r\n                        <a href=\"https:\/\/yildirimgrupinsaat.com\/wp-content\/uploads\/2021\/03\/anasayfa01-2.jpg\" class=\"lightbox-image\"><img loading=\"lazy\" decoding=\"async\" width=\"380\" height=\"618\" src=\"https:\/\/yildirimgrupinsaat.com\/wp-content\/uploads\/2021\/03\/anasayfa01-2-380x618.jpg\" class=\"attachment-linoor_380X0 size-linoor_380X0 wp-post-image\" alt=\"\" srcset=\"https:\/\/yildirimgrupinsaat.com\/wp-content\/uploads\/2021\/03\/anasayfa01-2-380x618.jpg 380w, https:\/\/yildirimgrupinsaat.com\/wp-content\/uploads\/2021\/03\/anasayfa01-2-185x300.jpg 185w, https:\/\/yildirimgrupinsaat.com\/wp-content\/uploads\/2021\/03\/anasayfa01-2-296x481.jpg 296w, https:\/\/yildirimgrupinsaat.com\/wp-content\/uploads\/2021\/03\/anasayfa01-2.jpg 400w\" sizes=\"auto, (max-width: 380px) 100vw, 380px\" \/><\/a>\r\n                        <span class=\"portfolio-horizontal__category\"><\/span>\r\n                        <h3 class=\"portfolio-horizontal__card__title\">\r\n                            <a href=\"https:\/\/yildirimgrupinsaat.com\/index.php\/portfolio\/filmore-experience\/\">Y\u0131ld\u0131r\u0131m Rezidans<\/a>\r\n                        <\/h3><!-- \/.portfolio-horizontal__card__title -->\r\n                    <\/div><!-- \/.portfolio-horizontal__card -->\r\n                <\/div><!-- \/.item -->\r\n\r\n                                            \r\n                <div class=\"item\">\r\n                    <div class=\"portfolio-horizontal__card\">\r\n                        <a href=\"https:\/\/yildirimgrupinsaat.com\/wp-content\/uploads\/2021\/01\/portfolio-1-3.jpg\" class=\"lightbox-image\"><img loading=\"lazy\" decoding=\"async\" width=\"380\" height=\"475\" src=\"https:\/\/yildirimgrupinsaat.com\/wp-content\/uploads\/2021\/01\/portfolio-1-3-380x475.jpg\" class=\"attachment-linoor_380X0 size-linoor_380X0 wp-post-image\" alt=\"\" srcset=\"https:\/\/yildirimgrupinsaat.com\/wp-content\/uploads\/2021\/01\/portfolio-1-3-380x475.jpg 380w, https:\/\/yildirimgrupinsaat.com\/wp-content\/uploads\/2021\/01\/portfolio-1-3-570x713.jpg 570w, https:\/\/yildirimgrupinsaat.com\/wp-content\/uploads\/2021\/01\/portfolio-1-3-240x300.jpg 240w, https:\/\/yildirimgrupinsaat.com\/wp-content\/uploads\/2021\/01\/portfolio-1-3-819x1024.jpg 819w, https:\/\/yildirimgrupinsaat.com\/wp-content\/uploads\/2021\/01\/portfolio-1-3-768x960.jpg 768w, https:\/\/yildirimgrupinsaat.com\/wp-content\/uploads\/2021\/01\/portfolio-1-3-296x370.jpg 296w, https:\/\/yildirimgrupinsaat.com\/wp-content\/uploads\/2021\/01\/portfolio-1-3.jpg 1170w\" sizes=\"auto, (max-width: 380px) 100vw, 380px\" \/><\/a>\r\n                        <span class=\"portfolio-horizontal__category\">Branding<\/span>\r\n                        <h3 class=\"portfolio-horizontal__card__title\">\r\n                            <a href=\"https:\/\/yildirimgrupinsaat.com\/index.php\/portfolio\/product-photography\/\">Product Photography<\/a>\r\n                        <\/h3><!-- \/.portfolio-horizontal__card__title -->\r\n                    <\/div><!-- \/.portfolio-horizontal__card -->\r\n                <\/div><!-- \/.item -->\r\n\r\n                                            \r\n                <div class=\"item\">\r\n                    <div class=\"portfolio-horizontal__card\">\r\n                        <a href=\"https:\/\/yildirimgrupinsaat.com\/wp-content\/uploads\/2021\/01\/portfolio-1-2.jpg\" class=\"lightbox-image\"><img loading=\"lazy\" decoding=\"async\" width=\"380\" height=\"475\" src=\"https:\/\/yildirimgrupinsaat.com\/wp-content\/uploads\/2021\/01\/portfolio-1-2-380x475.jpg\" class=\"attachment-linoor_380X0 size-linoor_380X0 wp-post-image\" alt=\"\" srcset=\"https:\/\/yildirimgrupinsaat.com\/wp-content\/uploads\/2021\/01\/portfolio-1-2-380x475.jpg 380w, https:\/\/yildirimgrupinsaat.com\/wp-content\/uploads\/2021\/01\/portfolio-1-2-570x712.jpg 570w, https:\/\/yildirimgrupinsaat.com\/wp-content\/uploads\/2021\/01\/portfolio-1-2-240x300.jpg 240w, https:\/\/yildirimgrupinsaat.com\/wp-content\/uploads\/2021\/01\/portfolio-1-2-819x1024.jpg 819w, https:\/\/yildirimgrupinsaat.com\/wp-content\/uploads\/2021\/01\/portfolio-1-2-768x960.jpg 768w, https:\/\/yildirimgrupinsaat.com\/wp-content\/uploads\/2021\/01\/portfolio-1-2-296x370.jpg 296w, https:\/\/yildirimgrupinsaat.com\/wp-content\/uploads\/2021\/01\/portfolio-1-2.jpg 1170w\" sizes=\"auto, (max-width: 380px) 100vw, 380px\" \/><\/a>\r\n                        <span class=\"portfolio-horizontal__category\">Branding<\/span>\r\n                        <h3 class=\"portfolio-horizontal__card__title\">\r\n                            <a href=\"https:\/\/yildirimgrupinsaat.com\/index.php\/portfolio\/fimlor-experience-copy-copy-copy-copy\/\">Object Photography<\/a>\r\n                        <\/h3><!-- \/.portfolio-horizontal__card__title -->\r\n                    <\/div><!-- \/.portfolio-horizontal__card -->\r\n                <\/div><!-- \/.item -->\r\n\r\n                                            \r\n                <div class=\"item\">\r\n                    <div class=\"portfolio-horizontal__card\">\r\n                        <a href=\"https:\/\/yildirimgrupinsaat.com\/wp-content\/uploads\/2021\/01\/portfolio-1-5.jpg\" class=\"lightbox-image\"><img loading=\"lazy\" decoding=\"async\" width=\"380\" height=\"570\" src=\"https:\/\/yildirimgrupinsaat.com\/wp-content\/uploads\/2021\/01\/portfolio-1-5-380x570.jpg\" class=\"attachment-linoor_380X0 size-linoor_380X0 wp-post-image\" alt=\"\" srcset=\"https:\/\/yildirimgrupinsaat.com\/wp-content\/uploads\/2021\/01\/portfolio-1-5-380x570.jpg 380w, https:\/\/yildirimgrupinsaat.com\/wp-content\/uploads\/2021\/01\/portfolio-1-5-570x855.jpg 570w, https:\/\/yildirimgrupinsaat.com\/wp-content\/uploads\/2021\/01\/portfolio-1-5-200x300.jpg 200w, https:\/\/yildirimgrupinsaat.com\/wp-content\/uploads\/2021\/01\/portfolio-1-5-683x1024.jpg 683w, https:\/\/yildirimgrupinsaat.com\/wp-content\/uploads\/2021\/01\/portfolio-1-5-768x1152.jpg 768w, https:\/\/yildirimgrupinsaat.com\/wp-content\/uploads\/2021\/01\/portfolio-1-5-1024x1536.jpg 1024w, https:\/\/yildirimgrupinsaat.com\/wp-content\/uploads\/2021\/01\/portfolio-1-5-296x444.jpg 296w, https:\/\/yildirimgrupinsaat.com\/wp-content\/uploads\/2021\/01\/portfolio-1-5.jpg 1170w\" sizes=\"auto, (max-width: 380px) 100vw, 380px\" \/><\/a>\r\n                        <span class=\"portfolio-horizontal__category\">Graphic<\/span>\r\n                        <h3 class=\"portfolio-horizontal__card__title\">\r\n                            <a href=\"https:\/\/yildirimgrupinsaat.com\/index.php\/portfolio\/globe-design\/\">Globe Design<\/a>\r\n                        <\/h3><!-- \/.portfolio-horizontal__card__title -->\r\n                    <\/div><!-- \/.portfolio-horizontal__card -->\r\n                <\/div><!-- \/.item -->\r\n\r\n                                            \r\n                <div class=\"item\">\r\n                    <div class=\"portfolio-horizontal__card\">\r\n                        <a href=\"https:\/\/yildirimgrupinsaat.com\/wp-content\/uploads\/2021\/01\/portfolio-1-1.jpg\" class=\"lightbox-image\"><img loading=\"lazy\" decoding=\"async\" width=\"380\" height=\"285\" src=\"https:\/\/yildirimgrupinsaat.com\/wp-content\/uploads\/2021\/01\/portfolio-1-1-380x285.jpg\" class=\"attachment-linoor_380X0 size-linoor_380X0 wp-post-image\" alt=\"\" srcset=\"https:\/\/yildirimgrupinsaat.com\/wp-content\/uploads\/2021\/01\/portfolio-1-1-380x285.jpg 380w, https:\/\/yildirimgrupinsaat.com\/wp-content\/uploads\/2021\/01\/portfolio-1-1-570x427.jpg 570w, https:\/\/yildirimgrupinsaat.com\/wp-content\/uploads\/2021\/01\/portfolio-1-1-300x225.jpg 300w, https:\/\/yildirimgrupinsaat.com\/wp-content\/uploads\/2021\/01\/portfolio-1-1-1024x768.jpg 1024w, https:\/\/yildirimgrupinsaat.com\/wp-content\/uploads\/2021\/01\/portfolio-1-1-768x576.jpg 768w, https:\/\/yildirimgrupinsaat.com\/wp-content\/uploads\/2021\/01\/portfolio-1-1-296x222.jpg 296w, https:\/\/yildirimgrupinsaat.com\/wp-content\/uploads\/2021\/01\/portfolio-1-1.jpg 1170w\" sizes=\"auto, (max-width: 380px) 100vw, 380px\" \/><\/a>\r\n                        <span class=\"portfolio-horizontal__category\">Branding<\/span>\r\n                        <h3 class=\"portfolio-horizontal__card__title\">\r\n                            <a href=\"https:\/\/yildirimgrupinsaat.com\/index.php\/portfolio\/fimlor-experience\/\">Fimlor Experience<\/a>\r\n                        <\/h3><!-- \/.portfolio-horizontal__card__title -->\r\n                    <\/div><!-- \/.portfolio-horizontal__card -->\r\n                <\/div><!-- \/.item -->\r\n\r\n                                            \r\n                <div class=\"item\">\r\n                    <div class=\"portfolio-horizontal__card\">\r\n                        <a href=\"https:\/\/yildirimgrupinsaat.com\/wp-content\/uploads\/2021\/01\/portfolio-1-4.jpg\" class=\"lightbox-image\"><img loading=\"lazy\" decoding=\"async\" width=\"380\" height=\"507\" src=\"https:\/\/yildirimgrupinsaat.com\/wp-content\/uploads\/2021\/01\/portfolio-1-4-380x507.jpg\" class=\"attachment-linoor_380X0 size-linoor_380X0 wp-post-image\" alt=\"\" srcset=\"https:\/\/yildirimgrupinsaat.com\/wp-content\/uploads\/2021\/01\/portfolio-1-4-380x507.jpg 380w, https:\/\/yildirimgrupinsaat.com\/wp-content\/uploads\/2021\/01\/portfolio-1-4-570x760.jpg 570w, https:\/\/yildirimgrupinsaat.com\/wp-content\/uploads\/2021\/01\/portfolio-1-4-225x300.jpg 225w, https:\/\/yildirimgrupinsaat.com\/wp-content\/uploads\/2021\/01\/portfolio-1-4-768x1024.jpg 768w, https:\/\/yildirimgrupinsaat.com\/wp-content\/uploads\/2021\/01\/portfolio-1-4-1152x1536.jpg 1152w, https:\/\/yildirimgrupinsaat.com\/wp-content\/uploads\/2021\/01\/portfolio-1-4-296x395.jpg 296w, https:\/\/yildirimgrupinsaat.com\/wp-content\/uploads\/2021\/01\/portfolio-1-4.jpg 1170w\" sizes=\"auto, (max-width: 380px) 100vw, 380px\" \/><\/a>\r\n                        <span class=\"portfolio-horizontal__category\">Graphic<\/span>\r\n                        <h3 class=\"portfolio-horizontal__card__title\">\r\n                            <a href=\"https:\/\/yildirimgrupinsaat.com\/index.php\/portfolio\/desktop-mockup\/\">Desktop Mockup<\/a>\r\n                        <\/h3><!-- \/.portfolio-horizontal__card__title -->\r\n                    <\/div><!-- \/.portfolio-horizontal__card -->\r\n                <\/div><!-- \/.item -->\r\n\r\n                    <\/div><!-- \/.owl-carousel owl-theme portfolio-horizontal__carousel -->\r\n    <\/div><!-- \/.auto-container -->\r\n<\/section><!-- \/.portfolio-horizontal -->\r\n\t\t<\/div>\n\t\t\t\t<\/div>\n\t\t\t\t\t<\/div>\n\t\t<\/div>\n\t\t\t\t\t\t\t<\/div>\n\t\t<\/section>\n\t\t\t\t\t\t<\/div>\n\t\t\t\t\t<\/div>\n\t\t","protected":false},"excerpt":{"rendered":"<p>Graphic Desktop Mockup Branding Object Photography Graphic Globe Design Branding Camera photography Branding Product Photography<\/p>\n","protected":false},"author":1,"featured_media":0,"parent":0,"menu_order":0,"comment_status":"closed","ping_status":"closed","template":"elementor_header_footer","meta":{"_monsterinsights_skip_tracking":false,"_monsterinsights_sitenote_active":false,"_monsterinsights_sitenote_note":"","_monsterinsights_sitenote_category":0,"footnotes":""},"class_list":["post-969","page","type-page","status-publish","hentry"],"_links":{"self":[{"href":"https:\/\/yildirimgrupinsaat.com\/index.php\/wp-json\/wp\/v2\/pages\/969","targetHints":{"allow":["GET"]}}],"collection":[{"href":"https:\/\/yildirimgrupinsaat.com\/index.php\/wp-json\/wp\/v2\/pages"}],"about":[{"href":"https:\/\/yildirimgrupinsaat.com\/index.php\/wp-json\/wp\/v2\/types\/page"}],"author":[{"embeddable":true,"href":"https:\/\/yildirimgrupinsaat.com\/index.php\/wp-json\/wp\/v2\/users\/1"}],"replies":[{"embeddable":true,"href":"https:\/\/yildirimgrupinsaat.com\/index.php\/wp-json\/wp\/v2\/comments?post=969"}],"version-history":[{"count":1,"href":"https:\/\/yildirimgrupinsaat.com\/index.php\/wp-json\/wp\/v2\/pages\/969\/revisions"}],"predecessor-version":[{"id":2262,"href":"https:\/\/yildirimgrupinsaat.com\/index.php\/wp-json\/wp\/v2\/pages\/969\/revisions\/2262"}],"wp:attachment":[{"href":"https:\/\/yildirimgrupinsaat.com\/index.php\/wp-json\/wp\/v2\/media?parent=969"}],"curies":[{"name":"wp","href":"https:\/\/api.w.org\/{rel}","templated":true}]}}